{"id":964,"date":"2021-03-13T21:21:19","date_gmt":"2021-03-14T05:21:19","guid":{"rendered":"http:\/\/societyforritualarts.com\/coreopsis\/spring-2021-issue\/?page_id=964"},"modified":"2021-03-18T23:09:27","modified_gmt":"2021-03-19T06:09:27","slug":"new-music","status":"publish","type":"page","link":"https:\/\/societyforritualarts.com\/coreopsis\/spring-2021-issue\/new-music\/","title":{"rendered":"New Music"},"content":{"rendered":"<p>[et_pb_section fb_built=&#8221;1&#8243; admin_label=&#8221;Top thru Author&#8221; _builder_version=&#8221;4.9.1&#8243; background_enable_image=&#8221;off&#8221; min_height=&#8221;400px&#8221; custom_margin=&#8221;0px||-40px||false|false&#8221; custom_padding=&#8221;0px||0px||true|false&#8221; saved_tabs=&#8221;all&#8221;][et_pb_row column_structure=&#8221;1_4,3_4&#8243; _builder_version=&#8221;3.26.7&#8243;][et_pb_column type=&#8221;1_4&#8243; _builder_version=&#8221;3.26.6&#8243;][\/et_pb_column][et_pb_column type=&#8221;3_4&#8243; _builder_version=&#8221;3.26.6&#8243;][et_pb_image src=&#8221;https:\/\/societyforritualarts.com\/coreopsis\/spring-2021-issue\/wp-content\/uploads\/2021\/02\/coreopsis-winter-2019-header.png&#8221; admin_label=&#8221;Coreopsis logo&#8221; _builder_version=&#8221;3.26.6&#8243;][\/et_pb_image][\/et_pb_column][\/et_pb_row][et_pb_row column_structure=&#8221;1_5,3_5,1_5&#8243; _builder_version=&#8221;3.26.7&#8243;][et_pb_column type=&#8221;1_5&#8243; _builder_version=&#8221;3.26.6&#8243;][\/et_pb_column][et_pb_column type=&#8221;3_5&#8243; _builder_version=&#8221;3.26.6&#8243;][\/et_pb_column][et_pb_column type=&#8221;1_5&#8243; _builder_version=&#8221;3.26.6&#8243;][\/et_pb_column][\/et_pb_row][et_pb_row column_structure=&#8221;1_5,3_5,1_5&#8243; _builder_version=&#8221;3.26.7&#8243;][et_pb_column type=&#8221;1_5&#8243; _builder_version=&#8221;3.26.6&#8243;][\/et_pb_column][et_pb_column type=&#8221;3_5&#8243; _builder_version=&#8221;3.26.6&#8243;][et_pb_text admin_label=&#8221;Title &#038; Author&#8221; module_class=&#8221;noindent&#8221; _builder_version=&#8221;4.9.2&#8243; hover_enabled=&#8221;0&#8243; sticky_enabled=&#8221;0&#8243;]<\/p>\n<h1>New Music<\/h1>\n<p>Music featured in this issue: <a href=\"https:\/\/youtube.com\/playlist?list=PL-6cKU2APMMjSwjYr3i9OOzJjXFbJstAL\" target=\"_blank\" rel=\"noopener\" class=\"broken_link\">https:\/\/youtube.com\/playlist<\/a><br \/>\nCompiled by Lezlie Kinyon, Coreopsis Ed. in Chief, and Steve Blomerth, Music Editor.<br \/>\nPlease send your new music announcements or requests to review the music listed here to \u201cnew music\u201d at <a href=\"mailto:coreopsisjournalofmyththeatre@gmail.com\">coreopsisjournalofmyththeatre@gmail.com<\/a><\/p>\n<p>&nbsp;[\/et_pb_text][\/et_pb_column][et_pb_column type=&#8221;1_5&#8243; _builder_version=&#8221;3.26.6&#8243;][\/et_pb_column][\/et_pb_row][\/et_pb_section][et_pb_section fb_built=&#8221;1&#8243; _builder_version=&#8221;4.9.2&#8243; background_enable_image=&#8221;off&#8221; custom_margin=&#8221;||0px||false|false&#8221; custom_padding=&#8221;||0px||false|false&#8221; saved_tabs=&#8221;all&#8221;][et_pb_row column_structure=&#8221;1_5,1_5,3_5&#8243; _builder_version=&#8221;3.26.6&#8243;][et_pb_column type=&#8221;1_5&#8243; _builder_version=&#8221;3.26.6&#8243;][\/et_pb_column][et_pb_column type=&#8221;1_5&#8243; _builder_version=&#8221;3.26.6&#8243;][et_pb_image src=&#8221;https:\/\/societyforritualarts.com\/coreopsis\/spring-2021-issue\/wp-content\/uploads\/2021\/03\/eivrr-segl-300&#215;300.jpg&#8221; title_text=&#8221;eivrr-segl&#8221; _builder_version=&#8221;4.9.2&#8243;][\/et_pb_image][\/et_pb_column][et_pb_column type=&#8221;3_5&#8243; _builder_version=&#8221;3.26.6&#8243;][et_pb_text module_class=&#8221;noindent&#8221; _builder_version=&#8221;4.9.2&#8243;]<\/p>\n<h2>Eiv\u00f8r: Segl<\/h2>\n<p><a href=\"https:\/\/www.eivor.com\/\" target=\"_blank\" rel=\"noopener\">https:\/\/www.eivor.com\/<\/a><\/p>\n<p>September 18, 2020 (self released)<\/p>\n<p>Listen to \u201cSleep On It\u201d: <a href=\"https:\/\/eivor.ffm.to\/sleeponit\" target=\"_blank\" rel=\"noopener\">https:\/\/eivor.ffm.to\/sleeponit<\/a><\/p>\n<p>New music from the incomparable Eiv\u00f8r P\u00e1lsd\u00f3ttir.<\/p>\n<p>[\/et_pb_text][\/et_pb_column][\/et_pb_row][et_pb_row _builder_version=&#8221;3.26.7&#8243;][et_pb_column type=&#8221;4_4&#8243; _builder_version=&#8221;3.26.7&#8243;][et_pb_divider divider_weight=&#8221;3px&#8221; _builder_version=&#8221;3.26.7&#8243; width=&#8221;60%&#8221; module_alignment=&#8221;center&#8221;][\/et_pb_divider][\/et_pb_column][\/et_pb_row][\/et_pb_section][et_pb_section fb_built=&#8221;1&#8243; _builder_version=&#8221;4.9.2&#8243; background_enable_image=&#8221;off&#8221; custom_margin=&#8221;||0px||false|false&#8221; custom_padding=&#8221;||0px||false|false&#8221; saved_tabs=&#8221;all&#8221;][et_pb_row column_structure=&#8221;1_5,1_5,3_5&#8243; _builder_version=&#8221;3.26.6&#8243;][et_pb_column type=&#8221;1_5&#8243; _builder_version=&#8221;3.26.6&#8243;][\/et_pb_column][et_pb_column type=&#8221;1_5&#8243; _builder_version=&#8221;3.26.6&#8243;][et_pb_image src=&#8221;https:\/\/societyforritualarts.com\/coreopsis\/spring-2021-issue\/wp-content\/uploads\/2021\/03\/the-lost-words-215&#215;300.jpg&#8221; title_text=&#8221;the-lost-words&#8221; _builder_version=&#8221;4.9.2&#8243;][\/et_pb_image][et_pb_image src=&#8221;https:\/\/societyforritualarts.com\/coreopsis\/spring-2021-issue\/wp-content\/uploads\/2021\/03\/the-lost-spells-201&#215;300.jpg&#8221; title_text=&#8221;the-lost-spells&#8221; _builder_version=&#8221;4.9.2&#8243; _module_preset=&#8221;default&#8221;][\/et_pb_image][\/et_pb_column][et_pb_column type=&#8221;3_5&#8243; _builder_version=&#8221;3.26.6&#8243;][et_pb_text module_class=&#8221;noindent&#8221; _builder_version=&#8221;4.9.2&#8243;]<\/p>\n<h2>Spell Songs and The Lost Spells<\/h2>\n<p><b>Book &amp; Music CDs in a package:\u00a0<\/b><\/p>\n<p><a href=\"https:\/\/folkbytheoakrecords.com\/home\" target=\"_blank\" rel=\"noopener\">www.folkbytheoakrecords.com<\/a><\/p>\n<p>Karine Polwart, Julie Fowlis, Seckou Keita, Kris Drever, Kerry Andrew, Rachel Newton, Beth Porter, Jim Molyneux<\/p>\n<p>Singing nature back to life through the power of poetry, art and magic<\/p>\n<p><b>\u201cThe Lost Words: Spell Songs is a musical companion piece to The Lost Words: A Spell Book,<\/b> the acclaimed work by authors Robert Macfarlane and Jackie Morris, responding to the removal of everyday nature words from a widely used children\u2019s dictionary which grew to become a much broader protest at the loss of the natural world around us, as well as a celebration of the creatures and plants with which we share our lives, in all their characterful glory.\u201d <a href=\"https:\/\/www.thelostwords.org\/spell-songs\/\" target=\"_blank\" rel=\"noopener\">https:\/\/www.thelostwords.org\/spell-songs\/<\/a><\/p>\n<p>Announcing <em>Spell Songs Volume II<\/em><\/p>\n<p>We are beyond delighted to finally announce <em>Spell Songs Volume II<\/em> for 2021!<\/p>\n<p>[\/et_pb_text][\/et_pb_column][\/et_pb_row][et_pb_row _builder_version=&#8221;3.26.7&#8243;][et_pb_column type=&#8221;4_4&#8243; _builder_version=&#8221;3.26.7&#8243;][et_pb_divider divider_weight=&#8221;3px&#8221; _builder_version=&#8221;3.26.7&#8243; width=&#8221;60%&#8221; module_alignment=&#8221;center&#8221;][\/et_pb_divider][\/et_pb_column][\/et_pb_row][\/et_pb_section][et_pb_section fb_built=&#8221;1&#8243; _builder_version=&#8221;4.9.2&#8243; background_enable_image=&#8221;off&#8221; custom_margin=&#8221;||0px||false|false&#8221; custom_padding=&#8221;||0px||false|false&#8221; saved_tabs=&#8221;all&#8221;][et_pb_row column_structure=&#8221;1_5,1_5,3_5&#8243; _builder_version=&#8221;3.26.6&#8243;][et_pb_column type=&#8221;1_5&#8243; _builder_version=&#8221;3.26.6&#8243;][\/et_pb_column][et_pb_column type=&#8221;1_5&#8243; _builder_version=&#8221;3.26.6&#8243;][et_pb_image src=&#8221;https:\/\/societyforritualarts.com\/coreopsis\/spring-2021-issue\/wp-content\/uploads\/2021\/03\/the-path-of-stones-300&#215;300.jpg&#8221; title_text=&#8221;the-path-of-stones&#8221; _builder_version=&#8221;4.9.2&#8243;][\/et_pb_image][\/et_pb_column][et_pb_column type=&#8221;3_5&#8243; _builder_version=&#8221;3.26.6&#8243;][et_pb_text module_class=&#8221;noindent&#8221; _builder_version=&#8221;4.9.2&#8243;]<\/p>\n<h2>John Doyle: Path of Stones<\/h2>\n<p>May 2020<\/p>\n<p>Compass Records.<\/p>\n<p><a href=\"http:\/\/compassrecords.com\/artist\/john-doyle\/\" target=\"_blank\" rel=\"noopener\">http:\/\/compassrecords.com\/artist\/john-doyle\/<\/a><\/p>\n<p>Listen: <a href=\"https:\/\/youtu.be\/7HeG7H3hu94\" target=\"_blank\" rel=\"noopener\">https:\/\/youtu.be\/7HeG7H3hu94<\/a><\/p>\n<p>[\/et_pb_text][\/et_pb_column][\/et_pb_row][et_pb_row _builder_version=&#8221;3.26.7&#8243;][et_pb_column type=&#8221;4_4&#8243; _builder_version=&#8221;3.26.7&#8243;][et_pb_divider divider_weight=&#8221;3px&#8221; _builder_version=&#8221;3.26.7&#8243; width=&#8221;60%&#8221; module_alignment=&#8221;center&#8221;][\/et_pb_divider][\/et_pb_column][\/et_pb_row][\/et_pb_section][et_pb_section fb_built=&#8221;1&#8243; _builder_version=&#8221;4.9.2&#8243; _module_preset=&#8221;default&#8221;][et_pb_row column_structure=&#8221;1_5,3_5,1_5&#8243; _builder_version=&#8221;4.9.2&#8243; _module_preset=&#8221;default&#8221;][et_pb_column type=&#8221;1_5&#8243; _builder_version=&#8221;4.9.2&#8243; _module_preset=&#8221;default&#8221;][\/et_pb_column][et_pb_column type=&#8221;3_5&#8243; _builder_version=&#8221;4.9.2&#8243; _module_preset=&#8221;default&#8221;][et_pb_text _builder_version=&#8221;4.9.2&#8243; _module_preset=&#8221;default&#8221;]<\/p>\n<h2><b>We Just Found These and We Love them!<\/b><\/h2>\n<p>[\/et_pb_text][\/et_pb_column][et_pb_column type=&#8221;1_5&#8243; _builder_version=&#8221;4.9.2&#8243; _module_preset=&#8221;default&#8221;][\/et_pb_column][\/et_pb_row][\/et_pb_section][et_pb_section fb_built=&#8221;1&#8243; _builder_version=&#8221;4.9.2&#8243; background_enable_image=&#8221;off&#8221; custom_margin=&#8221;||0px||false|false&#8221; custom_padding=&#8221;||0px||false|false&#8221; saved_tabs=&#8221;all&#8221;][et_pb_row column_structure=&#8221;1_5,1_5,3_5&#8243; _builder_version=&#8221;3.26.6&#8243;][et_pb_column type=&#8221;1_5&#8243; _builder_version=&#8221;3.26.6&#8243;][\/et_pb_column][et_pb_column type=&#8221;1_5&#8243; _builder_version=&#8221;3.26.6&#8243;][et_pb_image src=&#8221;https:\/\/societyforritualarts.com\/coreopsis\/spring-2021-issue\/wp-content\/uploads\/2021\/03\/mother-earth-300&#215;300.jpg&#8221; title_text=&#8221;mother-earth&#8221; _builder_version=&#8221;4.9.2&#8243;][\/et_pb_image][\/et_pb_column][et_pb_column type=&#8221;3_5&#8243; _builder_version=&#8221;3.26.6&#8243;][et_pb_text module_class=&#8221;noindent&#8221; _builder_version=&#8221;4.9.2&#8243;]<\/p>\n<h2>Karlene: Mother Earth<\/h2>\n<p>Mother Earth is available now;\u00a0<\/p>\n<p>iTunes: <a href=\"https:\/\/apple.co\/2HHbUfV\u200b\" target=\"_blank\" rel=\"noopener\">https:\/\/apple.co\/2HHbUfV\u200b<\/a><\/p>\n<p>Amazon: <a href=\"https:\/\/amzn.to\/2ClVDJu\" target=\"_blank\" rel=\"noopener\">https:\/\/amzn.to\/2ClVDJu<\/a>\u200b<\/p>\n<p>Google Play: <a href=\"https:\/\/bit.ly\/2HAx2UL\" target=\"_blank\" rel=\"noopener\" class=\"broken_link\">https:\/\/bit.ly\/2HAx2UL<\/a><\/p>\n<p>[\/et_pb_text][\/et_pb_column][\/et_pb_row][et_pb_row _builder_version=&#8221;3.26.7&#8243;][et_pb_column type=&#8221;4_4&#8243; _builder_version=&#8221;3.26.7&#8243;][et_pb_divider divider_weight=&#8221;3px&#8221; _builder_version=&#8221;3.26.7&#8243; width=&#8221;60%&#8221; module_alignment=&#8221;center&#8221;][\/et_pb_divider][\/et_pb_column][\/et_pb_row][\/et_pb_section][et_pb_section fb_built=&#8221;1&#8243; _builder_version=&#8221;4.9.2&#8243; background_enable_image=&#8221;off&#8221; custom_margin=&#8221;||0px||false|false&#8221; custom_padding=&#8221;||0px||false|false&#8221; saved_tabs=&#8221;all&#8221;][et_pb_row column_structure=&#8221;1_5,1_5,3_5&#8243; _builder_version=&#8221;3.26.6&#8243;][et_pb_column type=&#8221;1_5&#8243; _builder_version=&#8221;3.26.6&#8243;][\/et_pb_column][et_pb_column type=&#8221;1_5&#8243; _builder_version=&#8221;3.26.6&#8243;][et_pb_image src=&#8221;https:\/\/societyforritualarts.com\/coreopsis\/spring-2021-issue\/wp-content\/uploads\/2021\/03\/sowulo-300&#215;300.jpg&#8221; title_text=&#8221;sowulo&#8221; _builder_version=&#8221;4.9.2&#8243;][\/et_pb_image][\/et_pb_column][et_pb_column type=&#8221;3_5&#8243; _builder_version=&#8221;3.26.6&#8243;][et_pb_text module_class=&#8221;noindent&#8221; _builder_version=&#8221;4.9.2&#8243;]<\/p>\n<h2>Sowulo MANN<\/h2>\n<p>Was composed and produced by Faber Horbach<\/p>\n<p>released August 1, 2019<\/p>\n<p><i>\u201cWith these songs I intentionally invoke my inner Warrior, Lover, King and Magician and I hope it will help you to do the same.\u201d <\/i><a href=\"https:\/\/sowulo.bandcamp.com\/album\/mann\" target=\"_blank\" rel=\"noopener\"><i>https:\/\/sowulo.bandcamp.com\/album\/mann<\/i><\/a><\/p>\n<p>[\/et_pb_text][\/et_pb_column][\/et_pb_row][et_pb_row _builder_version=&#8221;3.26.7&#8243;][et_pb_column type=&#8221;4_4&#8243; _builder_version=&#8221;3.26.7&#8243;][et_pb_divider divider_weight=&#8221;3px&#8221; _builder_version=&#8221;3.26.7&#8243; width=&#8221;60%&#8221; module_alignment=&#8221;center&#8221;][\/et_pb_divider][\/et_pb_column][\/et_pb_row][\/et_pb_section][et_pb_section fb_built=&#8221;1&#8243; _builder_version=&#8221;4.9.2&#8243; background_enable_image=&#8221;off&#8221; custom_margin=&#8221;||0px||false|false&#8221; custom_padding=&#8221;||0px||false|false&#8221; saved_tabs=&#8221;all&#8221;][et_pb_row column_structure=&#8221;1_5,1_5,3_5&#8243; _builder_version=&#8221;3.26.6&#8243;][et_pb_column type=&#8221;1_5&#8243; _builder_version=&#8221;3.26.6&#8243;][\/et_pb_column][et_pb_column type=&#8221;1_5&#8243; _builder_version=&#8221;3.26.6&#8243;][et_pb_image src=&#8221;https:\/\/societyforritualarts.com\/coreopsis\/spring-2021-issue\/wp-content\/uploads\/2021\/03\/okladka-RASTI-298&#215;300.jpg&#8221; title_text=&#8221;ok\u0142adka-RASTI&#8221; _builder_version=&#8221;4.9.2&#8243;][\/et_pb_image][\/et_pb_column][et_pb_column type=&#8221;3_5&#8243; _builder_version=&#8221;3.26.6&#8243;][et_pb_text module_class=&#8221;noindent&#8221; _builder_version=&#8221;4.9.2&#8243;]<\/p>\n<h2><span style=\"font-family: georgia, serif;\">Laboratorium Pie\u015bni :<span>\u00a0<\/span><i>Rasti<\/i><\/span><\/h2>\n<div><span style=\"font-family: georgia, serif;\">February 2021<\/span><\/div>\n<div><span style=\"font-family: georgia, serif;\">Song Laboratory<\/span><\/div>\n<div><span style=\"font-family: georgia, serif;\"><a href=\"http:\/\/laboratoriumpiesni.pl\/muzyka\/rasti\/\" target=\"_blank\" data-saferedirecturl=\"https:\/\/www.google.com\/url?q=http:\/\/laboratoriumpiesni.pl\/muzyka\/rasti\/&amp;source=gmail&amp;ust=1616214454474000&amp;usg=AFQjCNECpUmVeTR9cEadfqQwZ4j7mMchUA\" rel=\"noopener\">http:\/\/laboratoriumpiesni.pl\/<wbr \/>muzyka\/rasti\/<\/a><br \/><\/span><\/div>\n<div><span style=\"font-family: georgia, serif;\">&#8220;10 ancient, mystical stories, polyphony from different parts of the World and the Cosmos, shamanic drumming, improvisations, female energy, singing birds and whispering trees.\u00a0 &#8220;Rasti&#8221; &#8211; grow.&#8221;\u00a0<\/span><\/div>\n<div><span style=\"font-family: georgia, serif;\">Listen here:\u00a0<a href=\"https:\/\/laboratoriumpiesni.bandcamp.com\/music\" target=\"_blank\" data-saferedirecturl=\"https:\/\/www.google.com\/url?q=https:\/\/laboratoriumpiesni.bandcamp.com\/music&amp;source=gmail&amp;ust=1616214454474000&amp;usg=AFQjCNE0yO3pLZJTY-blqMbVVAwZJN7p9Q\" rel=\"noopener\">https:\/\/<wbr \/>laboratoriumpiesni.bandcamp.<wbr \/>com\/music<\/a><\/span><\/div>\n<p>[\/et_pb_text][\/et_pb_column][\/et_pb_row][et_pb_row _builder_version=&#8221;3.26.7&#8243;][et_pb_column type=&#8221;4_4&#8243; _builder_version=&#8221;3.26.7&#8243;][et_pb_divider divider_weight=&#8221;3px&#8221; _builder_version=&#8221;3.26.7&#8243; width=&#8221;60%&#8221; module_alignment=&#8221;center&#8221;][\/et_pb_divider][\/et_pb_column][\/et_pb_row][\/et_pb_section]<\/p>\n","protected":false},"excerpt":{"rendered":"<p>New Music Music featured in this issue: https:\/\/youtube.com\/playlist Compiled by Lezlie Kinyon, Coreopsis Ed. in Chief, and Steve Blomerth, Music Editor. Please send your new music announcements or requests to review the music listed here to \u201cnew music\u201d at coreopsisjournalofmyththeatre@gmail.com &nbsp;Eiv\u00f8r: Segl https:\/\/www.eivor.com\/ September 18, 2020 (self released) Listen to \u201cSleep On It\u201d: https:\/\/eivor.ffm.to\/sleeponit New [&hellip;]<\/p>\n","protected":false},"author":1,"featured_media":0,"parent":0,"menu_order":0,"comment_status":"closed","ping_status":"closed","template":"","meta":{"_et_pb_use_builder":"on","_et_pb_old_content":"","_et_gb_content_width":"","_monsterinsights_skip_tracking":false,"_monsterinsights_sitenote_active":false,"_monsterinsights_sitenote_note":"","_monsterinsights_sitenote_category":0,"footnotes":""},"class_list":["post-964","page","type-page","status-publish","hentry"],"yoast_head":"<!-- This site is optimized with the Yoast SEO plugin v26.9 - https:\/\/yoast.com\/product\/yoast-seo-wordpress\/ -->\n<title>New Music - Coreopsis Journal Spring 2021<\/title>\n<meta name=\"robots\" content=\"index, follow, max-snippet:-1, max-image-preview:large, max-video-preview:-1\" \/>\n<link rel=\"canonical\" href=\"https:\/\/societyforritualarts.com\/coreopsis\/spring-2021-issue\/new-music\/\" \/>\n<meta property=\"og:locale\" content=\"en_US\" \/>\n<meta property=\"og:type\" content=\"article\" \/>\n<meta property=\"og:title\" content=\"New Music - Coreopsis Journal Spring 2021\" \/>\n<meta property=\"og:description\" content=\"New Music Music featured in this issue: https:\/\/youtube.com\/playlist Compiled by Lezlie Kinyon, Coreopsis Ed. in Chief, and Steve Blomerth, Music Editor. Please send your new music announcements or requests to review the music listed here to \u201cnew music\u201d at coreopsisjournalofmyththeatre@gmail.com &nbsp;Eiv\u00f8r: Segl https:\/\/www.eivor.com\/ September 18, 2020 (self released) Listen to \u201cSleep On It\u201d: https:\/\/eivor.ffm.to\/sleeponit New [&hellip;]\" \/>\n<meta property=\"og:url\" content=\"https:\/\/societyforritualarts.com\/coreopsis\/spring-2021-issue\/new-music\/\" \/>\n<meta property=\"og:site_name\" content=\"Coreopsis Journal Spring 2021\" \/>\n<meta property=\"article:modified_time\" content=\"2021-03-19T06:09:27+00:00\" \/>\n<meta name=\"twitter:card\" content=\"summary_large_image\" \/>\n<script type=\"application\/ld+json\" class=\"yoast-schema-graph\">{\"@context\":\"https:\/\/schema.org\",\"@graph\":[{\"@type\":\"WebPage\",\"@id\":\"https:\/\/societyforritualarts.com\/coreopsis\/spring-2021-issue\/new-music\/\",\"url\":\"https:\/\/societyforritualarts.com\/coreopsis\/spring-2021-issue\/new-music\/\",\"name\":\"New Music - Coreopsis Journal Spring 2021\",\"isPartOf\":{\"@id\":\"https:\/\/societyforritualarts.com\/coreopsis\/spring-2021-issue\/#website\"},\"datePublished\":\"2021-03-14T05:21:19+00:00\",\"dateModified\":\"2021-03-19T06:09:27+00:00\",\"breadcrumb\":{\"@id\":\"https:\/\/societyforritualarts.com\/coreopsis\/spring-2021-issue\/new-music\/#breadcrumb\"},\"inLanguage\":\"en-US\",\"potentialAction\":[{\"@type\":\"ReadAction\",\"target\":[\"https:\/\/societyforritualarts.com\/coreopsis\/spring-2021-issue\/new-music\/\"]}]},{\"@type\":\"BreadcrumbList\",\"@id\":\"https:\/\/societyforritualarts.com\/coreopsis\/spring-2021-issue\/new-music\/#breadcrumb\",\"itemListElement\":[{\"@type\":\"ListItem\",\"position\":1,\"name\":\"Home\",\"item\":\"https:\/\/societyforritualarts.com\/coreopsis\/spring-2021-issue\/\"},{\"@type\":\"ListItem\",\"position\":2,\"name\":\"New Music\"}]},{\"@type\":\"WebSite\",\"@id\":\"https:\/\/societyforritualarts.com\/coreopsis\/spring-2021-issue\/#website\",\"url\":\"https:\/\/societyforritualarts.com\/coreopsis\/spring-2021-issue\/\",\"name\":\"Coreopsis Journal Spring 2021\",\"description\":\"Will Hope Prevail?\",\"potentialAction\":[{\"@type\":\"SearchAction\",\"target\":{\"@type\":\"EntryPoint\",\"urlTemplate\":\"https:\/\/societyforritualarts.com\/coreopsis\/spring-2021-issue\/?s={search_term_string}\"},\"query-input\":{\"@type\":\"PropertyValueSpecification\",\"valueRequired\":true,\"valueName\":\"search_term_string\"}}],\"inLanguage\":\"en-US\"}]}<\/script>\n<!-- \/ Yoast SEO plugin. -->","yoast_head_json":{"title":"New Music - Coreopsis Journal Spring 2021","robots":{"index":"index","follow":"follow","max-snippet":"max-snippet:-1","max-image-preview":"max-image-preview:large","max-video-preview":"max-video-preview:-1"},"canonical":"https:\/\/societyforritualarts.com\/coreopsis\/spring-2021-issue\/new-music\/","og_locale":"en_US","og_type":"article","og_title":"New Music - Coreopsis Journal Spring 2021","og_description":"New Music Music featured in this issue: https:\/\/youtube.com\/playlist Compiled by Lezlie Kinyon, Coreopsis Ed. in Chief, and Steve Blomerth, Music Editor. Please send your new music announcements or requests to review the music listed here to \u201cnew music\u201d at coreopsisjournalofmyththeatre@gmail.com &nbsp;Eiv\u00f8r: Segl https:\/\/www.eivor.com\/ September 18, 2020 (self released) Listen to \u201cSleep On It\u201d: https:\/\/eivor.ffm.to\/sleeponit New [&hellip;]","og_url":"https:\/\/societyforritualarts.com\/coreopsis\/spring-2021-issue\/new-music\/","og_site_name":"Coreopsis Journal Spring 2021","article_modified_time":"2021-03-19T06:09:27+00:00","twitter_card":"summary_large_image","schema":{"@context":"https:\/\/schema.org","@graph":[{"@type":"WebPage","@id":"https:\/\/societyforritualarts.com\/coreopsis\/spring-2021-issue\/new-music\/","url":"https:\/\/societyforritualarts.com\/coreopsis\/spring-2021-issue\/new-music\/","name":"New Music - Coreopsis Journal Spring 2021","isPartOf":{"@id":"https:\/\/societyforritualarts.com\/coreopsis\/spring-2021-issue\/#website"},"datePublished":"2021-03-14T05:21:19+00:00","dateModified":"2021-03-19T06:09:27+00:00","breadcrumb":{"@id":"https:\/\/societyforritualarts.com\/coreopsis\/spring-2021-issue\/new-music\/#breadcrumb"},"inLanguage":"en-US","potentialAction":[{"@type":"ReadAction","target":["https:\/\/societyforritualarts.com\/coreopsis\/spring-2021-issue\/new-music\/"]}]},{"@type":"BreadcrumbList","@id":"https:\/\/societyforritualarts.com\/coreopsis\/spring-2021-issue\/new-music\/#breadcrumb","itemListElement":[{"@type":"ListItem","position":1,"name":"Home","item":"https:\/\/societyforritualarts.com\/coreopsis\/spring-2021-issue\/"},{"@type":"ListItem","position":2,"name":"New Music"}]},{"@type":"WebSite","@id":"https:\/\/societyforritualarts.com\/coreopsis\/spring-2021-issue\/#website","url":"https:\/\/societyforritualarts.com\/coreopsis\/spring-2021-issue\/","name":"Coreopsis Journal Spring 2021","description":"Will Hope Prevail?","potentialAction":[{"@type":"SearchAction","target":{"@type":"EntryPoint","urlTemplate":"https:\/\/societyforritualarts.com\/coreopsis\/spring-2021-issue\/?s={search_term_string}"},"query-input":{"@type":"PropertyValueSpecification","valueRequired":true,"valueName":"search_term_string"}}],"inLanguage":"en-US"}]}},"jetpack_sharing_enabled":true,"_links":{"self":[{"href":"https:\/\/societyforritualarts.com\/coreopsis\/spring-2021-issue\/wp-json\/wp\/v2\/pages\/964","targetHints":{"allow":["GET"]}}],"collection":[{"href":"https:\/\/societyforritualarts.com\/coreopsis\/spring-2021-issue\/wp-json\/wp\/v2\/pages"}],"about":[{"href":"https:\/\/societyforritualarts.com\/coreopsis\/spring-2021-issue\/wp-json\/wp\/v2\/types\/page"}],"author":[{"embeddable":true,"href":"https:\/\/societyforritualarts.com\/coreopsis\/spring-2021-issue\/wp-json\/wp\/v2\/users\/1"}],"replies":[{"embeddable":true,"href":"https:\/\/societyforritualarts.com\/coreopsis\/spring-2021-issue\/wp-json\/wp\/v2\/comments?post=964"}],"version-history":[{"count":4,"href":"https:\/\/societyforritualarts.com\/coreopsis\/spring-2021-issue\/wp-json\/wp\/v2\/pages\/964\/revisions"}],"predecessor-version":[{"id":1137,"href":"https:\/\/societyforritualarts.com\/coreopsis\/spring-2021-issue\/wp-json\/wp\/v2\/pages\/964\/revisions\/1137"}],"wp:attachment":[{"href":"https:\/\/societyforritualarts.com\/coreopsis\/spring-2021-issue\/wp-json\/wp\/v2\/media?parent=964"}],"curies":[{"name":"wp","href":"https:\/\/api.w.org\/{rel}","templated":true}]}}